{"id":2403,"date":"2024-10-14T09:08:50","date_gmt":"2024-10-14T09:08:50","guid":{"rendered":"https:\/\/stay-erasmus.eu\/pravilnik-o-zasebnosti"},"modified":"2025-12-17T10:48:59","modified_gmt":"2025-12-17T10:48:59","slug":"pravilnik-o-zasebnosti","status":"publish","type":"page","link":"https:\/\/stay-erasmus.eu\/sl\/pravilnik-o-zasebnosti","title":{"rendered":"Pravilnik o zasebnosti"},"content":{"rendered":"\t\t<div data-elementor-type=\"wp-page\" data-elementor-id=\"2403\" class=\"elementor elementor-2403 elementor-2383\" data-elementor-post-type=\"page\">\n\t\t\t\t<div class=\"elementor-element elementor-element-8352516 e-flex e-con-boxed e-con e-parent\" data-id=\"8352516\" data-element_type=\"container\" data-e-type=\"container\" data-settings=\"{&quot;background_background&quot;:&quot;gradient&quot;}\">\n\t\t\t\t\t<div class=\"e-con-inner\">\n\t\t\t\t<div class=\"elementor-element elementor-element-f45380c elementor-widget elementor-widget-spacer\" data-id=\"f45380c\" data-element_type=\"widget\" data-e-type=\"widget\" data-widget_type=\"spacer.default\">\n\t\t\t\t<div class=\"elementor-widget-container\">\n\t\t\t\t\t\t\t<div class=\"elementor-spacer\">\n\t\t\t<div class=\"elementor-spacer-inner\"><\/div>\n\t\t<\/div>\n\t\t\t\t\t\t<\/div>\n\t\t\t\t<\/div>\n\t\t\t\t\t<\/div>\n\t\t\t\t<\/div>\n\t\t<div class=\"elementor-element elementor-element-6623861 e-flex e-con-boxed e-con e-parent\" data-id=\"6623861\" data-element_type=\"container\" data-e-type=\"container\">\n\t\t\t\t\t<div class=\"e-con-inner\">\n\t\t\t\t<div class=\"elementor-element elementor-element-c038177 elementor-widget elementor-widget-heading\" data-id=\"c038177\" data-element_type=\"widget\" data-e-type=\"widget\" data-widget_type=\"heading.default\">\n\t\t\t\t<div class=\"elementor-widget-container\">\n\t\t\t\t\t<h1 class=\"elementor-heading-title elementor-size-default\">Pravilnik o zasebnosti\n<\/h1>\t\t\t\t<\/div>\n\t\t\t\t<\/div>\n\t\t\t\t<div data-dce-text-color=\"#000000\" class=\"elementor-element elementor-element-b70441f elementor-widget elementor-widget-text-editor\" data-id=\"b70441f\" data-element_type=\"widget\" data-e-type=\"widget\" data-widget_type=\"text-editor.default\">\n\t\t\t\t<div class=\"elementor-widget-container\">\n\t\t\t\t\t\t\t\t\t<p>V projektu STAY zelo resno obravnavamo varstvo va\u0161ih osebnih podatkov. Na\u0161 namen je varovati zasebnost podatkov, ki nam jih posredujete, in upo\u0161tevati veljavne predpise o varstvu osebnih podatkov. <\/p>\t\t\t\t\t\t\t\t<\/div>\n\t\t\t\t<\/div>\n\t\t\t\t<div data-dce-text-color=\"#000000\" class=\"elementor-element elementor-element-644589d elementor-widget elementor-widget-text-editor\" data-id=\"644589d\" data-element_type=\"widget\" data-e-type=\"widget\" data-widget_type=\"text-editor.default\">\n\t\t\t\t<div class=\"elementor-widget-container\">\n\t\t\t\t\t\t\t\t\t<p>V skladu z zakonom 3\/2018 z dne 5. decembra 2018 o varstvu osebnih podatkov in zagotavljanju digitalnih pravic, ki prena\u0161a Uredbo (EU) 2016\/679 vam sporo\u010damo naslednje informacije o na\u0161i politiki zasebnosti in varstva podatkov:<\/p>\t\t\t\t\t\t\t\t<\/div>\n\t\t\t\t<\/div>\n\t\t\t\t<div class=\"elementor-element elementor-element-3c10342 elementor-widget elementor-widget-text-editor\" data-id=\"3c10342\" data-element_type=\"widget\" data-e-type=\"widget\" data-widget_type=\"text-editor.default\">\n\t\t\t\t<div class=\"elementor-widget-container\">\n\t\t\t\t\t\t\t\t\t<div class=\"elementor-element elementor-element-64496e5d elementor-widget elementor-widget-heading\" data-id=\"64496e5d\" data-element_type=\"widget\" data-widget_type=\"heading.default\"><div class=\"elementor-widget-container\"><h3 class=\"elementor-heading-title elementor-size-default\">Kdo je upravljavec obdelave va\u0161ih podatkov?<\/h3><\/div><\/div><div class=\"elementor-element elementor-element-76379d50 elementor-widget elementor-widget-text-editor\" data-id=\"76379d50\" data-element_type=\"widget\" data-widget_type=\"text-editor.default\"><div class=\"elementor-widget-container\"> <\/div><\/div>\t\t\t\t\t\t\t\t<\/div>\n\t\t\t\t<\/div>\n\t\t\t\t<div data-dce-text-color=\"#000000\" class=\"elementor-element elementor-element-1132c61 elementor-widget elementor-widget-text-editor\" data-id=\"1132c61\" data-element_type=\"widget\" data-e-type=\"widget\" data-widget_type=\"text-editor.default\">\n\t\t\t\t<div class=\"elementor-widget-container\">\n\t\t\t\t\t\t\t\t\t<p>Organizacija, odgovorna za va\u0161e podatke, je Biotehni\u0161ki center Naklo. To je izobra\u017eevalni, raziskovalni in razvojni center, ki se nahaja v Naklem v Sloveniji. <\/p>\t\t\t\t\t\t\t\t<\/div>\n\t\t\t\t<\/div>\n\t\t<div class=\"elementor-element elementor-element-03e2a59 e-con-full e-flex e-con e-child\" data-id=\"03e2a59\" data-element_type=\"container\" data-e-type=\"container\">\n\t\t<div data-dce-background-color=\"#D1F4B9\" class=\"elementor-element elementor-element-727e725 e-con-full e-flex e-con e-child\" data-id=\"727e725\" data-element_type=\"container\" data-e-type=\"container\" data-settings=\"{&quot;background_background&quot;:&quot;classic&quot;}\">\n\t\t\t\t<div data-dce-title-color=\"#FFFFFF\" data-dce-advanced-background-color=\"#006034\" class=\"elementor-element elementor-element-f1f48ea elementor-widget__width-initial elementor-widget elementor-widget-heading\" data-id=\"f1f48ea\" data-element_type=\"widget\" data-e-type=\"widget\" data-widget_type=\"heading.default\">\n\t\t\t\t<div class=\"elementor-widget-container\">\n\t\t\t\t\t<span class=\"elementor-heading-title elementor-size-default\">Naslov<\/span>\t\t\t\t<\/div>\n\t\t\t\t<\/div>\n\t\t\t\t<div data-dce-title-color=\"#000000\" class=\"elementor-element elementor-element-4f7c721 elementor-widget__width-initial elementor-widget elementor-widget-heading\" data-id=\"4f7c721\" data-element_type=\"widget\" data-e-type=\"widget\" data-widget_type=\"heading.default\">\n\t\t\t\t<div class=\"elementor-widget-container\">\n\t\t\t\t\t<span class=\"elementor-heading-title elementor-size-default\">Strahinj 99, 4202 Naklo, Slovenija, EU.<\/span>\t\t\t\t<\/div>\n\t\t\t\t<\/div>\n\t\t\t\t<\/div>\n\t\t<div class=\"elementor-element elementor-element-256f136 e-con-full e-flex e-con e-child\" data-id=\"256f136\" data-element_type=\"container\" data-e-type=\"container\">\n\t\t\t\t<div data-dce-title-color=\"#FFFFFF\" data-dce-advanced-background-color=\"#006034\" class=\"elementor-element elementor-element-21f8f55 elementor-widget__width-initial elementor-widget elementor-widget-heading\" data-id=\"21f8f55\" data-element_type=\"widget\" data-e-type=\"widget\" data-widget_type=\"heading.default\">\n\t\t\t\t<div class=\"elementor-widget-container\">\n\t\t\t\t\t<span class=\"elementor-heading-title elementor-size-default\">Telefon<\/span>\t\t\t\t<\/div>\n\t\t\t\t<\/div>\n\t\t\t\t<div data-dce-title-color=\"#000000\" class=\"elementor-element elementor-element-a7e5f00 elementor-widget__width-initial elementor-widget elementor-widget-heading\" data-id=\"a7e5f00\" data-element_type=\"widget\" data-e-type=\"widget\" data-widget_type=\"heading.default\">\n\t\t\t\t<div class=\"elementor-widget-container\">\n\t\t\t\t\t<span class=\"elementor-heading-title elementor-size-default\">+386 4 277 21 00\n<\/span>\t\t\t\t<\/div>\n\t\t\t\t<\/div>\n\t\t\t\t<\/div>\n\t\t<div data-dce-background-color=\"#D1F4B9\" class=\"elementor-element elementor-element-80bac5b e-con-full e-flex e-con e-child\" data-id=\"80bac5b\" data-element_type=\"container\" data-e-type=\"container\" data-settings=\"{&quot;background_background&quot;:&quot;classic&quot;}\">\n\t\t\t\t<div data-dce-title-color=\"#FFFFFF\" data-dce-advanced-background-color=\"#006034\" class=\"elementor-element elementor-element-805131f elementor-widget__width-initial elementor-widget elementor-widget-heading\" data-id=\"805131f\" data-element_type=\"widget\" data-e-type=\"widget\" data-widget_type=\"heading.default\">\n\t\t\t\t<div class=\"elementor-widget-container\">\n\t\t\t\t\t<span class=\"elementor-heading-title elementor-size-default\">E-po\u0161tni kontakt\n<\/span>\t\t\t\t<\/div>\n\t\t\t\t<\/div>\n\t\t\t\t<div data-dce-title-color=\"#000000\" class=\"elementor-element elementor-element-377317c elementor-widget__width-initial elementor-widget elementor-widget-heading\" data-id=\"377317c\" data-element_type=\"widget\" data-e-type=\"widget\" data-widget_type=\"heading.default\">\n\t\t\t\t<div class=\"elementor-widget-container\">\n\t\t\t\t\t<span class=\"elementor-heading-title elementor-size-default\">info@bc-naklo.si\n<\/span>\t\t\t\t<\/div>\n\t\t\t\t<\/div>\n\t\t\t\t<\/div>\n\t\t\t\t<\/div>\n\t\t\t\t<div data-dce-text-color=\"#7A7A7A\" class=\"elementor-element elementor-element-cffda87 elementor-widget elementor-widget-text-editor\" data-id=\"cffda87\" data-element_type=\"widget\" data-e-type=\"widget\" data-widget_type=\"text-editor.default\">\n\t\t\t\t<div class=\"elementor-widget-container\">\n\t\t\t\t\t\t\t\t\t<div class=\"elementor-element elementor-element-72e459f3 elementor-widget elementor-widget-heading\" data-id=\"72e459f3\" data-element_type=\"widget\" data-widget_type=\"heading.default\"><div class=\"elementor-widget-container\"><h3 class=\"elementor-heading-title elementor-size-default\">Kateri so postopki obdelave?<\/h3><\/div><\/div><div class=\"elementor-element elementor-element-49805c46 elementor-widget elementor-widget-text-editor\" data-id=\"49805c46\" data-element_type=\"widget\" data-widget_type=\"text-editor.default\"><div class=\"elementor-widget-container\"> <\/div><\/div>\t\t\t\t\t\t\t\t<\/div>\n\t\t\t\t<\/div>\n\t\t\t\t<div data-dce-text-color=\"#000000\" class=\"elementor-element elementor-element-308fa0a elementor-widget elementor-widget-text-editor\" data-id=\"308fa0a\" data-element_type=\"widget\" data-e-type=\"widget\" data-widget_type=\"text-editor.default\">\n\t\t\t\t<div class=\"elementor-widget-container\">\n\t\t\t\t\t\t\t\t\t<ul><li><span data-sheets-root=\"1\">Za odzivanje na zahteve, prito\u017ebe in incidente, posredovane prek na\u0161ih kontaktnih kanalov, vklju\u010denih v spletno mesto.<\/span><\/li><li><span data-sheets-root=\"1\">Za razumevanje obna\u0161anja brskalnik v spletu, da bi odkrili morebitne ra\u010dunalni\u0161ke napade na na\u0161 splet.<\/span><\/li><li><span data-sheets-root=\"1\">Izpolnjevanje zakonskih obveznosti, ki veljajo neposredno za nas in urejajo na\u0161o dejavnost.<\/span><\/li><li><span data-sheets-root=\"1\">Za za\u0161\u010dito in uveljavljanje na\u0161ih pravic ali za odzivanje na kakr\u0161ne koli prito\u017ebe.<\/span><\/li><li><span data-sheets-root=\"1\">Po\u0161iljanje novic o blagu ali storitvah, ki sestavljajo dejavnost odgovorne osebe ali novic, povezanih z njeno dejavnostjo.<\/span><\/li><\/ul>\t\t\t\t\t\t\t\t<\/div>\n\t\t\t\t<\/div>\n\t\t\t\t<div data-dce-text-color=\"#7A7A7A\" class=\"elementor-element elementor-element-2cc9643 elementor-widget elementor-widget-text-editor\" data-id=\"2cc9643\" data-element_type=\"widget\" data-e-type=\"widget\" data-widget_type=\"text-editor.default\">\n\t\t\t\t<div class=\"elementor-widget-container\">\n\t\t\t\t\t\t\t\t\t<div class=\"elementor-element elementor-element-72e459f3 elementor-widget elementor-widget-heading\" data-id=\"72e459f3\" data-element_type=\"widget\" data-widget_type=\"heading.default\"><div class=\"elementor-widget-container\"><h3 class=\"elementor-heading-title elementor-size-default\">Kak\u0161na je pravna podlaga obdelave?<\/h3><\/div><\/div><div class=\"elementor-element elementor-element-49805c46 elementor-widget elementor-widget-text-editor\" data-id=\"49805c46\" data-element_type=\"widget\" data-widget_type=\"text-editor.default\"> <\/div>\t\t\t\t\t\t\t\t<\/div>\n\t\t\t\t<\/div>\n\t\t\t\t<div data-dce-text-color=\"#000000\" class=\"elementor-element elementor-element-b8e165e elementor-widget elementor-widget-text-editor\" data-id=\"b8e165e\" data-element_type=\"widget\" data-e-type=\"widget\" data-widget_type=\"text-editor.default\">\n\t\t\t\t<div class=\"elementor-widget-container\">\n\t\t\t\t\t\t\t\t\t<p>Pravna podlaga za obdelavo va\u0161ih podatkov je privolitev posameznika, na katerega se nana\u0161ajo osebni podatki Uredbe ter zakoniti interes upravljavca podatkov v skladu s \u010dlenom 6.1(a) in \u010dlenom 6.1(f)<\/p>\t\t\t\t\t\t\t\t<\/div>\n\t\t\t\t<\/div>\n\t\t\t\t<div data-dce-text-color=\"#000000\" class=\"elementor-element elementor-element-18330b6 elementor-widget elementor-widget-text-editor\" data-id=\"18330b6\" data-element_type=\"widget\" data-e-type=\"widget\" data-widget_type=\"text-editor.default\">\n\t\t\t\t<div class=\"elementor-widget-container\">\n\t\t\t\t\t\t\t\t\t<p>Podatki, ki jih zahtevamo od vas, so ustrezni, relevantni in nujno potrebni ter nam jih v nobenem primeru niste dol\u017eni posredovati, vendar lahko njihovo nesporo\u010danje vpliva na namen storitve ali nezmo\u017enost njenega zagotavljanja.<\/p>\t\t\t\t\t\t\t\t<\/div>\n\t\t\t\t<\/div>\n\t\t\t\t<div class=\"elementor-element elementor-element-2bb2fd8 elementor-widget elementor-widget-text-editor\" data-id=\"2bb2fd8\" data-element_type=\"widget\" data-e-type=\"widget\" data-widget_type=\"text-editor.default\">\n\t\t\t\t<div class=\"elementor-widget-container\">\n\t\t\t\t\t\t\t\t\t<div class=\"elementor-element elementor-element-2f8a5ae9 elementor-widget elementor-widget-heading\" data-id=\"2f8a5ae9\" data-element_type=\"widget\" data-widget_type=\"heading.default\"><div class=\"elementor-widget-container\"><h3 class=\"elementor-heading-title elementor-size-default\">Kako dolgo hranimo va\u0161e podatke?<\/h3><\/div><\/div>\t\t\t\t\t\t\t\t<\/div>\n\t\t\t\t<\/div>\n\t\t\t\t<div data-dce-text-color=\"#000000\" class=\"elementor-element elementor-element-d9848ba elementor-widget elementor-widget-text-editor\" data-id=\"d9848ba\" data-element_type=\"widget\" data-e-type=\"widget\" data-widget_type=\"text-editor.default\">\n\t\t\t\t<div class=\"elementor-widget-container\">\n\t\t\t\t\t\t\t\t\t<p>Va\u0161e podatke bomo hranili toliko \u010dasa, kolikor je potrebno za pravilno zagotavljanje ponujene storitve, izpolnjevanje obveznosti, ki lahko iz tega izhajajo, in drugih zakonskih zahtev.<\/p>\t\t\t\t\t\t\t\t<\/div>\n\t\t\t\t<\/div>\n\t\t\t\t<div class=\"elementor-element elementor-element-e2b9184 elementor-widget elementor-widget-text-editor\" data-id=\"e2b9184\" data-element_type=\"widget\" data-e-type=\"widget\" data-widget_type=\"text-editor.default\">\n\t\t\t\t<div class=\"elementor-widget-container\">\n\t\t\t\t\t\t\t\t\t<div class=\"elementor-element elementor-element-72740580 elementor-widget elementor-widget-heading\" data-id=\"72740580\" data-element_type=\"widget\" data-widget_type=\"heading.default\"><div class=\"elementor-widget-container\"><h3 class=\"elementor-heading-title elementor-size-default\">Kdo upravlja z va\u0161imi podatki?<\/h3><\/div><\/div>\t\t\t\t\t\t\t\t<\/div>\n\t\t\t\t<\/div>\n\t\t\t\t<div data-dce-text-color=\"#000000\" class=\"elementor-element elementor-element-9e90480 elementor-widget elementor-widget-text-editor\" data-id=\"9e90480\" data-element_type=\"widget\" data-e-type=\"widget\" data-widget_type=\"text-editor.default\">\n\t\t\t\t<div class=\"elementor-widget-container\">\n\t\t\t\t\t\t\t\t\t<p>Biotehni\u0161ki center Naklo lahko pri obdelavi va\u0161ih podatkov va\u0161e podatke deli z:<\/p>\t\t\t\t\t\t\t\t<\/div>\n\t\t\t\t<\/div>\n\t\t\t\t<div data-dce-text-color=\"#000000\" class=\"elementor-element elementor-element-1890b20 elementor-widget elementor-widget-text-editor\" data-id=\"1890b20\" data-element_type=\"widget\" data-e-type=\"widget\" data-widget_type=\"text-editor.default\">\n\t\t\t\t<div class=\"elementor-widget-container\">\n\t\t\t\t\t\t\t\t\t<p>On Project Advising SL, kot ponudniki storitev upravljanja in vzdr\u017eevanja spleta.<\/p>\t\t\t\t\t\t\t\t<\/div>\n\t\t\t\t<\/div>\n\t\t\t\t<div class=\"elementor-element elementor-element-da50101 elementor-widget elementor-widget-text-editor\" data-id=\"da50101\" data-element_type=\"widget\" data-e-type=\"widget\" data-widget_type=\"text-editor.default\">\n\t\t\t\t<div class=\"elementor-widget-container\">\n\t\t\t\t\t\t\t\t\t<div class=\"elementor-element elementor-element-18c05f3a elementor-widget elementor-widget-heading\" data-id=\"18c05f3a\" data-element_type=\"widget\" data-widget_type=\"heading.default\"><div class=\"elementor-widget-container\"><h3 class=\"elementor-heading-title elementor-size-default\">Kak\u0161ne so moje pravice?<\/h3><\/div><\/div>\t\t\t\t\t\t\t\t<\/div>\n\t\t\t\t<\/div>\n\t\t\t\t<div data-dce-text-color=\"#000000\" class=\"elementor-element elementor-element-f5eab8c elementor-widget elementor-widget-text-editor\" data-id=\"f5eab8c\" data-element_type=\"widget\" data-e-type=\"widget\" data-widget_type=\"text-editor.default\">\n\t\t\t\t<div class=\"elementor-widget-container\">\n\t\t\t\t\t\t\t\t\t<ul><li><span data-sheets-root=\"1\">Pravica do dostopa: pravica do potrditve, ali se osebni podatki obdelujejo in pravica do dostopa do teh podatkov.<\/span><\/li><li><span data-sheets-root=\"1\">Pravica do popravka osebnih podatkov.<\/span><\/li><li><span data-sheets-root=\"1\">Pravica do izbrisa.<\/span><\/li><li><span data-sheets-root=\"1\">Pravica do omejitve obdelave.<\/span><\/li><li><span data-sheets-root=\"1\">Pravica do prenosljivosti podatkov.<\/span><\/li><li><span data-sheets-root=\"1\">Pravica do ugovora: pravica do ugovora pri obdelavi podatkov.<\/span><\/li><\/ul>\t\t\t\t\t\t\t\t<\/div>\n\t\t\t\t<\/div>\n\t\t\t\t<div data-dce-text-color=\"#000000\" class=\"elementor-element elementor-element-f64e57f elementor-widget elementor-widget-text-editor\" data-id=\"f64e57f\" data-element_type=\"widget\" data-e-type=\"widget\" data-widget_type=\"text-editor.default\">\n\t\t\t\t<div class=\"elementor-widget-container\">\n\t\t\t\t\t\t\t\t\t<p>Upravljavec ohrani pravico do omejitve pravic iz 23.\u010dlena Uredbe EU, \u010de je taka omejitev potrebna za za\u0161\u010dito zlasti temeljnih pravic in svobo\u0161\u010din, ter je nujen in sorazmeren ukrep.<\/p>\t\t\t\t\t\t\t\t<\/div>\n\t\t\t\t<\/div>\n\t\t\t\t<div class=\"elementor-element elementor-element-5ab6026 elementor-widget elementor-widget-text-editor\" data-id=\"5ab6026\" data-element_type=\"widget\" data-e-type=\"widget\" data-widget_type=\"text-editor.default\">\n\t\t\t\t<div class=\"elementor-widget-container\">\n\t\t\t\t\t\t\t\t\t<div class=\"elementor-element elementor-element-5dfe3b15 elementor-widget elementor-widget-heading\" data-id=\"5dfe3b15\" data-element_type=\"widget\" data-widget_type=\"heading.default\"><div class=\"elementor-widget-container\"><h3 class=\"elementor-heading-title elementor-size-default\">Kje lahko vlo\u017eim prito\u017ebo?<\/h3><\/div><\/div>\t\t\t\t\t\t\t\t<\/div>\n\t\t\t\t<\/div>\n\t\t\t\t<div data-dce-text-color=\"#000000\" class=\"elementor-element elementor-element-75e7847 elementor-widget elementor-widget-text-editor\" data-id=\"75e7847\" data-element_type=\"widget\" data-e-type=\"widget\" data-widget_type=\"text-editor.default\">\n\t\t\t\t<div class=\"elementor-widget-container\">\n\t\t\t\t\t\t\t\t\t<p>\u010ce katera koli zainteresirana stranka meni, da se njeni podatki ne obdelujejo pravilno, lahko svoje prito\u017ebe po\u0161lje na naslednji e-po\u0161tni naslov: info@bc-naklo.si.<\/p>\t\t\t\t\t\t\t\t<\/div>\n\t\t\t\t<\/div>\n\t\t\t\t<div data-dce-text-color=\"#000000\" class=\"elementor-element elementor-element-cd11013 elementor-widget elementor-widget-text-editor\" data-id=\"cd11013\" data-element_type=\"widget\" data-e-type=\"widget\" data-widget_type=\"text-editor.default\">\n\t\t\t\t<div class=\"elementor-widget-container\">\n\t\t\t\t\t\t\t\t\t<p>Posameznik na katerega se nana\u0161ajo osebni podatki, izjavlja, da je pridobil vse te informacije.<\/p>\t\t\t\t\t\t\t\t<\/div>\n\t\t\t\t<\/div>\n\t\t\t\t\t<\/div>\n\t\t\t\t<\/div>\n\t\t\t\t<\/div>\n\t\t","protected":false},"excerpt":{"rendered":"<p>Pravilnik o zasebnosti V projektu STAY zelo resno obravnavamo varstvo va\u0161ih osebnih podatkov. Na\u0161 namen je varovati zasebnost podatkov, ki nam jih posredujete, in upo\u0161tevati veljavne predpise o varstvu osebnih podatkov. V skladu z zakonom 3\/2018 z dne 5. decembra 2018 o varstvu osebnih podatkov in zagotavljanju digitalnih pravic, ki prena\u0161a Uredbo (EU) 2016\/679 vam [&hellip;]<\/p>\n","protected":false},"author":1,"featured_media":0,"parent":0,"menu_order":0,"comment_status":"closed","ping_status":"closed","template":"elementor_header_footer","meta":{"_acf_changed":false,"footnotes":""},"class_list":["post-2403","page","type-page","status-publish","hentry"],"acf":[],"yoast_head":"<!-- This site is optimized with the Yoast SEO plugin v27.2 - https:\/\/yoast.com\/product\/yoast-seo-wordpress\/ -->\n<title>Pravilnik o zasebnosti - STAY<\/title>\n<meta name=\"robots\" content=\"index, follow, max-snippet:-1, max-image-preview:large, max-video-preview:-1\" \/>\n<link rel=\"canonical\" href=\"https:\/\/stay-erasmus.eu\/privacy-policy\" \/>\n<meta property=\"og:locale\" content=\"sl_SI\" \/>\n<meta property=\"og:type\" content=\"article\" \/>\n<meta property=\"og:title\" content=\"Pravilnik o zasebnosti - STAY\" \/>\n<meta property=\"og:description\" content=\"Pravilnik o zasebnosti V projektu STAY zelo resno obravnavamo varstvo va\u0161ih osebnih podatkov. Na\u0161 namen je varovati zasebnost podatkov, ki nam jih posredujete, in upo\u0161tevati veljavne predpise o varstvu osebnih podatkov. V skladu z zakonom 3\/2018 z dne 5. decembra 2018 o varstvu osebnih podatkov in zagotavljanju digitalnih pravic, ki prena\u0161a Uredbo (EU) 2016\/679 vam [&hellip;]\" \/>\n<meta property=\"og:url\" content=\"https:\/\/stay-erasmus.eu\/privacy-policy\" \/>\n<meta property=\"og:site_name\" content=\"STAY\" \/>\n<meta property=\"article:modified_time\" content=\"2025-12-17T10:48:59+00:00\" \/>\n<meta name=\"twitter:card\" content=\"summary_large_image\" \/>\n<meta name=\"twitter:label1\" content=\"Est. reading time\" \/>\n\t<meta name=\"twitter:data1\" content=\"2 minuti\" \/>\n<script type=\"application\/ld+json\" class=\"yoast-schema-graph\">{\"@context\":\"https:\/\/schema.org\",\"@graph\":[{\"@type\":\"WebPage\",\"@id\":\"https:\/\/stay-erasmus.eu\/privacy-policy\",\"url\":\"https:\/\/stay-erasmus.eu\/privacy-policy\",\"name\":\"Pravilnik o zasebnosti - STAY\",\"isPartOf\":{\"@id\":\"https:\/\/stay-erasmus.eu\/#website\"},\"datePublished\":\"2024-10-14T09:08:50+00:00\",\"dateModified\":\"2025-12-17T10:48:59+00:00\",\"breadcrumb\":{\"@id\":\"https:\/\/stay-erasmus.eu\/privacy-policy#breadcrumb\"},\"inLanguage\":\"sl-SI\",\"potentialAction\":[{\"@type\":\"ReadAction\",\"target\":[\"https:\/\/stay-erasmus.eu\/privacy-policy\"]}]},{\"@type\":\"BreadcrumbList\",\"@id\":\"https:\/\/stay-erasmus.eu\/privacy-policy#breadcrumb\",\"itemListElement\":[{\"@type\":\"ListItem\",\"position\":1,\"name\":\"Home\",\"item\":\"https:\/\/stay-erasmus.eu\/sl\/domov\"},{\"@type\":\"ListItem\",\"position\":2,\"name\":\"Pravilnik o zasebnosti\"}]},{\"@type\":\"WebSite\",\"@id\":\"https:\/\/stay-erasmus.eu\/#website\",\"url\":\"https:\/\/stay-erasmus.eu\/\",\"name\":\"STAY\",\"description\":\"\",\"publisher\":{\"@id\":\"https:\/\/stay-erasmus.eu\/#organization\"},\"potentialAction\":[{\"@type\":\"SearchAction\",\"target\":{\"@type\":\"EntryPoint\",\"urlTemplate\":\"https:\/\/stay-erasmus.eu\/?s={search_term_string}\"},\"query-input\":{\"@type\":\"PropertyValueSpecification\",\"valueRequired\":true,\"valueName\":\"search_term_string\"}}],\"inLanguage\":\"sl-SI\"},{\"@type\":\"Organization\",\"@id\":\"https:\/\/stay-erasmus.eu\/#organization\",\"name\":\"STAY\",\"url\":\"https:\/\/stay-erasmus.eu\/\",\"logo\":{\"@type\":\"ImageObject\",\"inLanguage\":\"sl-SI\",\"@id\":\"https:\/\/stay-erasmus.eu\/#\/schema\/logo\/image\/\",\"url\":\"https:\/\/stay-erasmus.eu\/wp-content\/uploads\/2023\/02\/cropped-STAY_logo.png\",\"contentUrl\":\"https:\/\/stay-erasmus.eu\/wp-content\/uploads\/2023\/02\/cropped-STAY_logo.png\",\"width\":3639,\"height\":1370,\"caption\":\"STAY\"},\"image\":{\"@id\":\"https:\/\/stay-erasmus.eu\/#\/schema\/logo\/image\/\"}}]}<\/script>\n<!-- \/ Yoast SEO plugin. -->","yoast_head_json":{"title":"Pravilnik o zasebnosti - STAY","robots":{"index":"index","follow":"follow","max-snippet":"max-snippet:-1","max-image-preview":"max-image-preview:large","max-video-preview":"max-video-preview:-1"},"canonical":"https:\/\/stay-erasmus.eu\/privacy-policy","og_locale":"sl_SI","og_type":"article","og_title":"Pravilnik o zasebnosti - STAY","og_description":"Pravilnik o zasebnosti V projektu STAY zelo resno obravnavamo varstvo va\u0161ih osebnih podatkov. Na\u0161 namen je varovati zasebnost podatkov, ki nam jih posredujete, in upo\u0161tevati veljavne predpise o varstvu osebnih podatkov. V skladu z zakonom 3\/2018 z dne 5. decembra 2018 o varstvu osebnih podatkov in zagotavljanju digitalnih pravic, ki prena\u0161a Uredbo (EU) 2016\/679 vam [&hellip;]","og_url":"https:\/\/stay-erasmus.eu\/privacy-policy","og_site_name":"STAY","article_modified_time":"2025-12-17T10:48:59+00:00","twitter_card":"summary_large_image","twitter_misc":{"Est. reading time":"2 minuti"},"schema":{"@context":"https:\/\/schema.org","@graph":[{"@type":"WebPage","@id":"https:\/\/stay-erasmus.eu\/privacy-policy","url":"https:\/\/stay-erasmus.eu\/privacy-policy","name":"Pravilnik o zasebnosti - STAY","isPartOf":{"@id":"https:\/\/stay-erasmus.eu\/#website"},"datePublished":"2024-10-14T09:08:50+00:00","dateModified":"2025-12-17T10:48:59+00:00","breadcrumb":{"@id":"https:\/\/stay-erasmus.eu\/privacy-policy#breadcrumb"},"inLanguage":"sl-SI","potentialAction":[{"@type":"ReadAction","target":["https:\/\/stay-erasmus.eu\/privacy-policy"]}]},{"@type":"BreadcrumbList","@id":"https:\/\/stay-erasmus.eu\/privacy-policy#breadcrumb","itemListElement":[{"@type":"ListItem","position":1,"name":"Home","item":"https:\/\/stay-erasmus.eu\/sl\/domov"},{"@type":"ListItem","position":2,"name":"Pravilnik o zasebnosti"}]},{"@type":"WebSite","@id":"https:\/\/stay-erasmus.eu\/#website","url":"https:\/\/stay-erasmus.eu\/","name":"STAY","description":"","publisher":{"@id":"https:\/\/stay-erasmus.eu\/#organization"},"potentialAction":[{"@type":"SearchAction","target":{"@type":"EntryPoint","urlTemplate":"https:\/\/stay-erasmus.eu\/?s={search_term_string}"},"query-input":{"@type":"PropertyValueSpecification","valueRequired":true,"valueName":"search_term_string"}}],"inLanguage":"sl-SI"},{"@type":"Organization","@id":"https:\/\/stay-erasmus.eu\/#organization","name":"STAY","url":"https:\/\/stay-erasmus.eu\/","logo":{"@type":"ImageObject","inLanguage":"sl-SI","@id":"https:\/\/stay-erasmus.eu\/#\/schema\/logo\/image\/","url":"https:\/\/stay-erasmus.eu\/wp-content\/uploads\/2023\/02\/cropped-STAY_logo.png","contentUrl":"https:\/\/stay-erasmus.eu\/wp-content\/uploads\/2023\/02\/cropped-STAY_logo.png","width":3639,"height":1370,"caption":"STAY"},"image":{"@id":"https:\/\/stay-erasmus.eu\/#\/schema\/logo\/image\/"}}]}},"_links":{"self":[{"href":"https:\/\/stay-erasmus.eu\/sl\/wp-json\/wp\/v2\/pages\/2403","targetHints":{"allow":["GET"]}}],"collection":[{"href":"https:\/\/stay-erasmus.eu\/sl\/wp-json\/wp\/v2\/pages"}],"about":[{"href":"https:\/\/stay-erasmus.eu\/sl\/wp-json\/wp\/v2\/types\/page"}],"author":[{"embeddable":true,"href":"https:\/\/stay-erasmus.eu\/sl\/wp-json\/wp\/v2\/users\/1"}],"replies":[{"embeddable":true,"href":"https:\/\/stay-erasmus.eu\/sl\/wp-json\/wp\/v2\/comments?post=2403"}],"version-history":[{"count":2,"href":"https:\/\/stay-erasmus.eu\/sl\/wp-json\/wp\/v2\/pages\/2403\/revisions"}],"predecessor-version":[{"id":3712,"href":"https:\/\/stay-erasmus.eu\/sl\/wp-json\/wp\/v2\/pages\/2403\/revisions\/3712"}],"wp:attachment":[{"href":"https:\/\/stay-erasmus.eu\/sl\/wp-json\/wp\/v2\/media?parent=2403"}],"curies":[{"name":"wp","href":"https:\/\/api.w.org\/{rel}","templated":true}]}}